{"id":14,"date":"2025-02-28T22:33:55","date_gmt":"2025-02-28T21:33:55","guid":{"rendered":"https:\/\/www.delmond-laforet.fr\/?page_id=14"},"modified":"2025-02-28T22:33:55","modified_gmt":"2025-02-28T21:33:55","slug":"liste-des-soins","status":"publish","type":"page","link":"https:\/\/www.delmond-laforet.fr\/index.php\/liste-des-soins\/","title":{"rendered":"Liste des soins"},"content":{"rendered":"\n<div class=\"wp-block-group alignfull has-base-2-background-color has-background has-global-padding is-layout-constrained wp-container-core-group-is-layout-669513ed wp-block-group-is-layout-constrained\" style=\"margin-top:0;margin-bottom:0;padding-top:var(--wp--preset--spacing--50);padding-right:var(--wp--preset--spacing--50);padding-bottom:var(--wp--preset--spacing--50);padding-left:var(--wp--preset--spacing--50)\">\n<div class=\"wp-block-group is-vertical is-content-justification-center is-layout-flex wp-container-core-group-is-layout-52b864f0 wp-block-group-is-layout-flex\">\n<h2 class=\"wp-block-heading has-text-align-center is-style-asterisk\"><\/h2>\n\n\n\n<div style=\"height:0px\" aria-hidden=\"true\" class=\"wp-block-spacer wp-container-content-4f2ccadb\"><\/div>\n\n\n\n<p class=\"has-text-align-center\">Nous sommes engag\u00e9s dans le bien \u00eatre, l \u00e9coute, la bienveillance avec des soins personnalis\u00e9s sur le court ou long terme allant jusqu&rsquo;aux soins palliatifs.<\/p>\n<\/div>\n\n\n\n<div style=\"margin-top:0;margin-bottom:0;height:var(--wp--preset--spacing--40)\" aria-hidden=\"true\" class=\"wp-block-spacer\"><\/div>\n\n\n\n<div class=\"wp-block-columns alignwide is-layout-flex wp-container-core-columns-is-layout-d0bbbce0 wp-block-columns-is-layout-flex\">\n<div class=\"wp-block-column is-layout-flow wp-container-core-column-is-layout-e3d1c41b wp-block-column-is-layout-flow\">\n<h3 class=\"wp-block-heading has-text-align-left is-style-asterisk has-body-font-family has-medium-font-size\" style=\"font-style:normal;font-weight:600\">T\u00e9l\u00e9 consultation<\/h3>\n\n\n\n<p class=\"has-text-align-left\"><\/p>\n<\/div>\n\n\n\n<div class=\"wp-block-column is-layout-flow wp-container-core-column-is-layout-e3d1c41b wp-block-column-is-layout-flow\">\n<h3 class=\"wp-block-heading has-text-align-left is-style-asterisk has-body-font-family has-medium-font-size\" style=\"font-style:normal;font-weight:600\">Covid 19<\/h3>\n\n\n\n<p>Vaccination Test antig\u00e9nique<br>Test PCR<\/p>\n\n\n\n<p class=\"has-text-align-left\">Suivi de patient \u00e0 distance et \u00e0 domicile.<\/p>\n<\/div>\n\n\n\n<div class=\"wp-block-column is-layout-flow wp-container-core-column-is-layout-e3d1c41b wp-block-column-is-layout-flow\">\n<h3 class=\"wp-block-heading has-text-align-left is-style-asterisk has-body-font-family has-medium-font-size\" style=\"font-style:normal;font-weight:600\">Soins d&rsquo;hygi\u00e8ne<\/h3>\n\n\n\n<p class=\"has-text-align-left\"><\/p>\n<\/div>\n<\/div>\n\n\n\n<div style=\"height:var(--wp--preset--spacing--20)\" aria-hidden=\"true\" class=\"wp-block-spacer\"><\/div>\n\n\n\n<div class=\"wp-block-columns alignwide is-layout-flex wp-container-core-columns-is-layout-d0bbbce0 wp-block-columns-is-layout-flex\">\n<div class=\"wp-block-column is-layout-flow wp-container-core-column-is-layout-e3d1c41b wp-block-column-is-layout-flow\">\n<h3 class=\"wp-block-heading has-text-align-left is-style-asterisk has-body-font-family has-medium-font-size\" style=\"font-style:normal;font-weight:600\">Sondes<\/h3>\n\n\n\n<p class=\"has-text-align-left\">Sonde nasogastrique<br>Sonde urinaire<\/p>\n<\/div>\n\n\n\n<div class=\"wp-block-column is-layout-flow wp-container-core-column-is-layout-e3d1c41b wp-block-column-is-layout-flow\">\n<h3 class=\"wp-block-heading has-text-align-left is-style-asterisk has-body-font-family has-medium-font-size\" style=\"font-style:normal;font-weight:600\">Soins<\/h3>\n\n\n\n<p class=\"has-text-align-left\">Ablation fils<br>A\u00e9rosol<br>Chimioth\u00e9rapie<br>Distribution et surveillance prise de medicaments<br>Injection<br>Injection pour F.I.V<br>Pansements<br>Perfusion<br>Stomie<\/p>\n<\/div>\n<\/div>\n<\/div>\n\n\n\n<p><\/p>\n","protected":false},"excerpt":{"rendered":"<p>Nous sommes engag\u00e9s dans le bien \u00eatre, l \u00e9coute, la bienveillance avec des soins personnalis\u00e9s sur le court ou long terme allant jusqu&rsquo;aux soins palliatifs. T\u00e9l\u00e9 consultation Covid 19 Vaccination Test antig\u00e9niqueTest PCR Suivi de patient \u00e0 distance et \u00e0 domicile. Soins d&rsquo;hygi\u00e8ne Sondes Sonde nasogastriqueSonde urinaire Soins Ablation filsA\u00e9rosolChimioth\u00e9rapieDistribution et surveillance prise de medicamentsInjectionInjection [&hellip;]<\/p>\n","protected":false},"author":1,"featured_media":0,"parent":0,"menu_order":0,"comment_status":"closed","ping_status":"closed","template":"","meta":{"footnotes":""},"class_list":["post-14","page","type-page","status-publish","hentry"],"_links":{"self":[{"href":"https:\/\/www.delmond-laforet.fr\/index.php\/wp-json\/wp\/v2\/pages\/14","targetHints":{"allow":["GET"]}}],"collection":[{"href":"https:\/\/www.delmond-laforet.fr\/index.php\/wp-json\/wp\/v2\/pages"}],"about":[{"href":"https:\/\/www.delmond-laforet.fr\/index.php\/wp-json\/wp\/v2\/types\/page"}],"author":[{"embeddable":true,"href":"https:\/\/www.delmond-laforet.fr\/index.php\/wp-json\/wp\/v2\/users\/1"}],"replies":[{"embeddable":true,"href":"https:\/\/www.delmond-laforet.fr\/index.php\/wp-json\/wp\/v2\/comments?post=14"}],"version-history":[{"count":2,"href":"https:\/\/www.delmond-laforet.fr\/index.php\/wp-json\/wp\/v2\/pages\/14\/revisions"}],"predecessor-version":[{"id":27,"href":"https:\/\/www.delmond-laforet.fr\/index.php\/wp-json\/wp\/v2\/pages\/14\/revisions\/27"}],"wp:attachment":[{"href":"https:\/\/www.delmond-laforet.fr\/index.php\/wp-json\/wp\/v2\/media?parent=14"}],"curies":[{"name":"wp","href":"https:\/\/api.w.org\/{rel}","templated":true}]}}